{"id":5732,"date":"2018-10-22T13:46:26","date_gmt":"2018-10-22T13:46:26","guid":{"rendered":"https:\/\/www.ekko-wp.com\/?page_id=5732"},"modified":"2024-07-19T15:33:05","modified_gmt":"2024-07-19T15:33:05","slug":"properties-rental","status":"publish","type":"page","link":"https:\/\/solaricocanarias.com\/es\/our-process\/properties-rental\/","title":{"rendered":"Alquiler de Casas"},"content":{"rendered":"<section class=\"wpb-content-wrapper\"><div data-vc-full-width=\"true\" data-vc-full-width-init=\"false\" class=\"vc_row wpb_row vc_row-fluid vc_custom_1721236619611 vc_row-has-padding-top vc_row-has-padding-bottom\"><div class=\"wpb_column vc_column_container vc_col-sm-12\"><div class=\"vc_column-inner\"><div class=\"wpb_wrapper\"><div class=\"kd-calltoaction no_icon\" >\n                <div class=\"container\">\n                  <div class=\"cta-text-container\" ><div class=\"cta-text\">\n                        <h3 >Property Rentals in Tenerife<\/h3><p >Imagine despertarse cada d\u00eda con vistas al oc\u00e9ano, disfrutando del clima c\u00e1lido y la brisa fresca de Tenerife. En SolAricoCanarias le ofrecemos una cuidada selecci\u00f3n de viviendas de alquiler que cumplen con los m\u00e1s altos est\u00e1ndares de calidad y confort. \u00a1Reserve con nosotros y disfrutar\u00e1 de ella!<\/p><\/div>\n                    <\/div>\n                    <div class=\"cta-btncontainer\"><a class=\"tt_button tt_primary_button panel-trigger-btn btn_secondary_color\" >Book Now and Visit Tenerife<\/a><\/div>\n                <\/div>\n            <\/div><\/div><\/div><\/div><\/div><div class=\"vc_row-full-width vc_clearfix\"><\/div><div data-vc-full-width=\"true\" data-vc-full-width-init=\"false\" class=\"vc_row wpb_row vc_row-fluid\"><div class=\"wpb_column vc_column_container vc_col-sm-12\"><div class=\"vc_column-inner vc_custom_1516008460883\"><div class=\"wpb_wrapper\"><div class=\"vc_row wpb_row vc_inner vc_row-fluid vc_custom_1721214611266 vc_row-has-padding-top\"><div class=\"wpb_column vc_column_container vc_col-sm-4\"><div class=\"vc_column-inner vc_custom_1540559965344\"><div class=\"wpb_wrapper\"><div class=\"key-icon-box icon-default icon-top cont-left ib-no-effect  kd-animated fadeInUp\" style=\"background-color: transparent;\" ><i class=\"iconsmind-Geo2-Star iconsmind-Maps-Locations\" style=\" \"><\/i> <h5 class=\"service-heading\" >Prime Locations<\/h5><p >Properties situated in the best areas of Tenerife.<\/p><\/div><\/div><\/div><\/div><div class=\"wpb_column vc_column_container vc_col-sm-4\"><div class=\"vc_column-inner vc_custom_1540560004400\"><div class=\"wpb_wrapper\"><div class=\"key-icon-box icon-default icon-top cont-left ib-no-effect  kd-animated fadeInUp\" style=\"background-color: transparent;\" data-animation-delay=\"200\"><i class=\"iconsmind-Home iconsmind-Buildings-Landmarks\" style=\" \"><\/i> <h5 class=\"service-heading\" >Modern Amenities<\/h5><p >Equipped with everything you need for a perfect stay.<\/p><\/div><\/div><\/div><\/div><div class=\"wpb_column vc_column_container vc_col-sm-4\"><div class=\"vc_column-inner vc_custom_1540560014080\"><div class=\"wpb_wrapper\"><div class=\"key-icon-box icon-default icon-top cont-left ib-no-effect  kd-animated fadeInUp\" style=\"background-color: transparent;\" data-animation-delay=\"400\"><i class=\"iconsmind-Thumbs-UpSmiley iconsmind-Emoticons\" style=\" \"><\/i> <h5 class=\"service-heading\" >Personalized Service<\/h5><p >We take care of every detail so you can focus on enjoying your stay.<\/p><\/div><\/div><\/div><\/div><\/div><\/div><\/div><\/div><\/div><div class=\"vc_row-full-width vc_clearfix\"><\/div><div class=\"vc_row wpb_row vc_row-fluid vc_custom_1721403168313 vc_row-has-padding-bottom\"><div class=\"wpb_column vc_column_container vc_col-sm-12\"><div class=\"vc_column-inner\"><div class=\"wpb_wrapper\">\n<div class=\"vc_grid-container-wrapper vc_clearfix vc_grid-animation-fadeIn\">\n\t<div class=\"vc_grid-container vc_clearfix wpb_content_element vc_media_grid\" data-initial-loading-animation=\"fadeIn\" data-vc-grid-settings=\"{&quot;page_id&quot;:5732,&quot;style&quot;:&quot;all&quot;,&quot;action&quot;:&quot;vc_get_vc_grid_data&quot;,&quot;shortcode_id&quot;:&quot;1721403117759-36efa532bf5c6372887f102f35509bc0-6&quot;,&quot;tag&quot;:&quot;vc_media_grid&quot;}\" data-vc-request=\"https:\/\/solaricocanarias.com\/wp-admin\/admin-ajax.php\" data-vc-post-id=\"5732\" data-vc-public-nonce=\"d2c4f693d3\">\n\t\t\n\t<\/div>\n<\/div><\/div><\/div><\/div><\/div>\n<\/section>","protected":false},"excerpt":{"rendered":"Property Rentals in TenerifeImagine waking up every day with ocean views, enjoying the warm climate and fresh breeze of Tenerife. [...]","protected":false},"author":1,"featured_media":0,"parent":5760,"menu_order":0,"comment_status":"closed","ping_status":"closed","template":"","meta":{"footnotes":""},"class_list":["post-5732","page","type-page","status-publish","hentry"],"yoast_head":"<!-- This site is optimized with the Yoast SEO plugin v23.0 - https:\/\/yoast.com\/wordpress\/plugins\/seo\/ -->\n<title>Properties Rental - SolArico Canarias<\/title>\n<meta name=\"robots\" content=\"index, follow, max-snippet:-1, max-image-preview:large, max-video-preview:-1\" \/>\n<link rel=\"canonical\" href=\"https:\/\/solaricocanarias.com\/es\/our-process\/properties-rental\/\" \/>\n<meta property=\"og:locale\" content=\"es_ES\" \/>\n<meta property=\"og:type\" content=\"article\" \/>\n<meta property=\"og:title\" content=\"Properties Rental - SolArico Canarias\" \/>\n<meta property=\"og:url\" content=\"https:\/\/solaricocanarias.com\/es\/our-process\/properties-rental\/\" \/>\n<meta property=\"og:site_name\" content=\"SolArico Canarias\" \/>\n<meta property=\"article:modified_time\" content=\"2024-07-19T15:33:05+00:00\" \/>\n<meta name=\"twitter:card\" content=\"summary_large_image\" \/>\n<meta name=\"twitter:label1\" content=\"Tiempo de lectura\" \/>\n\t<meta name=\"twitter:data1\" content=\"2 minutos\" \/>\n<script type=\"application\/ld+json\" class=\"yoast-schema-graph\">{\"@context\":\"https:\/\/schema.org\",\"@graph\":[{\"@type\":\"WebPage\",\"@id\":\"https:\/\/solaricocanarias.com\/our-process\/properties-rental\/\",\"url\":\"https:\/\/solaricocanarias.com\/our-process\/properties-rental\/\",\"name\":\"Properties Rental - SolArico Canarias\",\"isPartOf\":{\"@id\":\"https:\/\/solaricocanarias.com\/#website\"},\"datePublished\":\"2018-10-22T13:46:26+00:00\",\"dateModified\":\"2024-07-19T15:33:05+00:00\",\"breadcrumb\":{\"@id\":\"https:\/\/solaricocanarias.com\/our-process\/properties-rental\/#breadcrumb\"},\"inLanguage\":\"es\",\"potentialAction\":[{\"@type\":\"ReadAction\",\"target\":[\"https:\/\/solaricocanarias.com\/our-process\/properties-rental\/\"]}]},{\"@type\":\"BreadcrumbList\",\"@id\":\"https:\/\/solaricocanarias.com\/our-process\/properties-rental\/#breadcrumb\",\"itemListElement\":[{\"@type\":\"ListItem\",\"position\":1,\"name\":\"Home\",\"item\":\"https:\/\/solaricocanarias.com\/\"},{\"@type\":\"ListItem\",\"position\":2,\"name\":\"Our process\",\"item\":\"https:\/\/solaricocanarias.com\/our-process\/\"},{\"@type\":\"ListItem\",\"position\":3,\"name\":\"Properties Rental\"}]},{\"@type\":\"WebSite\",\"@id\":\"https:\/\/solaricocanarias.com\/#website\",\"url\":\"https:\/\/solaricocanarias.com\/\",\"name\":\"SolAricoCanarias\",\"description\":\"Visit Tenerife: Home Rental and Energy Provider\",\"publisher\":{\"@id\":\"https:\/\/solaricocanarias.com\/#organization\"},\"potentialAction\":[{\"@type\":\"SearchAction\",\"target\":{\"@type\":\"EntryPoint\",\"urlTemplate\":\"https:\/\/solaricocanarias.com\/?s={search_term_string}\"},\"query-input\":\"required name=search_term_string\"}],\"inLanguage\":\"es\"},{\"@type\":\"Organization\",\"@id\":\"https:\/\/solaricocanarias.com\/#organization\",\"name\":\"SolAricoCanarias\",\"url\":\"https:\/\/solaricocanarias.com\/\",\"logo\":{\"@type\":\"ImageObject\",\"inLanguage\":\"es\",\"@id\":\"https:\/\/solaricocanarias.com\/#\/schema\/logo\/image\/\",\"url\":\"https:\/\/solaricocanarias.com\/wp-content\/uploads\/2024\/07\/apple-touch-icon.png\",\"contentUrl\":\"https:\/\/solaricocanarias.com\/wp-content\/uploads\/2024\/07\/apple-touch-icon.png\",\"width\":180,\"height\":180,\"caption\":\"SolAricoCanarias\"},\"image\":{\"@id\":\"https:\/\/solaricocanarias.com\/#\/schema\/logo\/image\/\"}}]}<\/script>\n<!-- \/ Yoast SEO plugin. -->","yoast_head_json":{"title":"Properties Rental - SolArico Canarias","robots":{"index":"index","follow":"follow","max-snippet":"max-snippet:-1","max-image-preview":"max-image-preview:large","max-video-preview":"max-video-preview:-1"},"canonical":"https:\/\/solaricocanarias.com\/es\/our-process\/properties-rental\/","og_locale":"es_ES","og_type":"article","og_title":"Properties Rental - SolArico Canarias","og_url":"https:\/\/solaricocanarias.com\/es\/our-process\/properties-rental\/","og_site_name":"SolArico Canarias","article_modified_time":"2024-07-19T15:33:05+00:00","twitter_card":"summary_large_image","twitter_misc":{"Tiempo de lectura":"2 minutos"},"schema":{"@context":"https:\/\/schema.org","@graph":[{"@type":"WebPage","@id":"https:\/\/solaricocanarias.com\/our-process\/properties-rental\/","url":"https:\/\/solaricocanarias.com\/our-process\/properties-rental\/","name":"Properties Rental - SolArico Canarias","isPartOf":{"@id":"https:\/\/solaricocanarias.com\/#website"},"datePublished":"2018-10-22T13:46:26+00:00","dateModified":"2024-07-19T15:33:05+00:00","breadcrumb":{"@id":"https:\/\/solaricocanarias.com\/our-process\/properties-rental\/#breadcrumb"},"inLanguage":"es","potentialAction":[{"@type":"ReadAction","target":["https:\/\/solaricocanarias.com\/our-process\/properties-rental\/"]}]},{"@type":"BreadcrumbList","@id":"https:\/\/solaricocanarias.com\/our-process\/properties-rental\/#breadcrumb","itemListElement":[{"@type":"ListItem","position":1,"name":"Home","item":"https:\/\/solaricocanarias.com\/"},{"@type":"ListItem","position":2,"name":"Our process","item":"https:\/\/solaricocanarias.com\/our-process\/"},{"@type":"ListItem","position":3,"name":"Properties Rental"}]},{"@type":"WebSite","@id":"https:\/\/solaricocanarias.com\/#website","url":"https:\/\/solaricocanarias.com\/","name":"SolAricoCanarias","description":"Visit Tenerife: Home Rental and Energy Provider","publisher":{"@id":"https:\/\/solaricocanarias.com\/#organization"},"potentialAction":[{"@type":"SearchAction","target":{"@type":"EntryPoint","urlTemplate":"https:\/\/solaricocanarias.com\/?s={search_term_string}"},"query-input":"required name=search_term_string"}],"inLanguage":"es"},{"@type":"Organization","@id":"https:\/\/solaricocanarias.com\/#organization","name":"SolAricoCanarias","url":"https:\/\/solaricocanarias.com\/","logo":{"@type":"ImageObject","inLanguage":"es","@id":"https:\/\/solaricocanarias.com\/#\/schema\/logo\/image\/","url":"https:\/\/solaricocanarias.com\/wp-content\/uploads\/2024\/07\/apple-touch-icon.png","contentUrl":"https:\/\/solaricocanarias.com\/wp-content\/uploads\/2024\/07\/apple-touch-icon.png","width":180,"height":180,"caption":"SolAricoCanarias"},"image":{"@id":"https:\/\/solaricocanarias.com\/#\/schema\/logo\/image\/"}}]}},"_links":{"self":[{"href":"https:\/\/solaricocanarias.com\/es\/wp-json\/wp\/v2\/pages\/5732"}],"collection":[{"href":"https:\/\/solaricocanarias.com\/es\/wp-json\/wp\/v2\/pages"}],"about":[{"href":"https:\/\/solaricocanarias.com\/es\/wp-json\/wp\/v2\/types\/page"}],"author":[{"embeddable":true,"href":"https:\/\/solaricocanarias.com\/es\/wp-json\/wp\/v2\/users\/1"}],"replies":[{"embeddable":true,"href":"https:\/\/solaricocanarias.com\/es\/wp-json\/wp\/v2\/comments?post=5732"}],"version-history":[{"count":21,"href":"https:\/\/solaricocanarias.com\/es\/wp-json\/wp\/v2\/pages\/5732\/revisions"}],"predecessor-version":[{"id":8238,"href":"https:\/\/solaricocanarias.com\/es\/wp-json\/wp\/v2\/pages\/5732\/revisions\/8238"}],"up":[{"embeddable":true,"href":"https:\/\/solaricocanarias.com\/es\/wp-json\/wp\/v2\/pages\/5760"}],"wp:attachment":[{"href":"https:\/\/solaricocanarias.com\/es\/wp-json\/wp\/v2\/media?parent=5732"}],"curies":[{"name":"wp","href":"https:\/\/api.w.org\/{rel}","templated":true}]}}