{"id":5736,"date":"2018-10-22T13:46:53","date_gmt":"2018-10-22T13:46:53","guid":{"rendered":"https:\/\/www.ekko-wp.com\/?page_id=5736"},"modified":"2024-07-19T08:48:18","modified_gmt":"2024-07-19T08:48:18","slug":"photovoltaic-energy","status":"publish","type":"page","link":"https:\/\/solaricocanarias.com\/es\/our-process\/photovoltaic-energy\/","title":{"rendered":"Energ\u00eda Fotovoltaica"},"content":{"rendered":"<section class=\"wpb-content-wrapper\"><div data-vc-full-width=\"true\" data-vc-full-width-init=\"false\" data-vc-parallax-image=\"https:\/\/www.youtube.com\/watch?v=CbY7h7q41x0\" data-vc-video-bg=\"https:\/\/www.youtube.com\/watch?v=CbY7h7q41x0\" class=\"vc_row wpb_row vc_row-fluid under-menu-topbar vc_custom_1720090701603 vc_row-has-fill vc_row-has-padding-top vc_row-has-padding-bottom vc_row-fixed-bg vc_video-bg-container\"><div class=\"kd-overlay\"  style=\"background-color:rgba(10,10,10,0.75);\"><\/div><div class=\"wpb_column vc_column_container vc_col-sm-12\"><div class=\"vc_column-inner\"><div class=\"wpb_wrapper\"><header class=\"kd-section-title vc_col-lg-6 vc_col-sm-8 text-center     vc_custom_1720089416201\" ><h1 class=\"separator_off\" style=\"color: #ffffff;\">Energ\u00eda Fotovoltaica: Somos tu proveedor<\/h1><h6 class=\"subtitle\" style=\"color: #ffffff;\">Dise\u00f1amos, construimos y damos soporte a instalaciones de energ\u00eda fotovoltaica para clientes en Tenerife y m\u00e1s all\u00e1. Hacemos que su negocio obtenga grandes beneficios \u00bfLe interesa? Hablemos.<\/h6><\/header><\/div><\/div><\/div><\/div><div class=\"vc_row-full-width vc_clearfix\"><\/div><div class=\"vc_row wpb_row vc_row-fluid vc_custom_1555675892398 vc_row-has-fill\"><div class=\"wpb_column vc_column_container vc_col-sm-12\"><div class=\"vc_column-inner vc_custom_1555676580479\"><div class=\"wpb_wrapper\"><div class=\"vc_tta-container\" data-vc-action=\"collapse\"><div class=\"vc_general vc_tta vc_tta-tabs vc_tta-color-grey vc_tta-style-classic vc_tta-shape-rounded vc_tta-spacing-1 vc_tta-tabs-position-top vc_tta-controls-align-left vc_custom_1555676595790\"><div class=\"vc_tta-tabs-container\"><ul class=\"vc_tta-tabs-list\"><li class=\"vc_tta-tab vc_active\" data-vc-tab><a href=\"#1488725417825-2758920e-e7efd3eb-d2400966-8526\" data-vc-tabs data-vc-container=\".vc_tta\"><i class=\"vc_tta-icon vc_li vc_li-data\"><\/i><span class=\"vc_tta-title-text\">Energ\u00eda fotovoltaica<\/span><\/a><\/li><li class=\"vc_tta-tab\" data-vc-tab><a href=\"#1489503964921-3acbdde1-0dcfd3eb-d2400966-8526\" data-vc-tabs data-vc-container=\".vc_tta\"><i class=\"vc_tta-icon vc_li vc_li-shop\"><\/i><span class=\"vc_tta-title-text\">Residential Solar Solutions<\/span><\/a><\/li><li class=\"vc_tta-tab\" data-vc-tab><a href=\"#1489503963784-5b2be039-5ceed3eb-d2400966-8526\" data-vc-tabs data-vc-container=\".vc_tta\"><i class=\"vc_tta-icon vc_li vc_li-settings\"><\/i><span class=\"vc_tta-title-text\">Solar Maintenance and Support<\/span><\/a><\/li><li class=\"vc_tta-tab\" data-vc-tab><a href=\"#1489503962481-b1168d80-ea38d3eb-d2400966-8526\" data-vc-tabs data-vc-container=\".vc_tta\"><i class=\"vc_tta-icon vc_li vc_li-star\"><\/i><span class=\"vc_tta-title-text\">Eco friendly<\/span><\/a><\/li><\/ul><\/div><div class=\"vc_tta-panels-container\"><div class=\"vc_tta-panels\"><div class=\"vc_tta-panel vc_active\" id=\"1488725417825-2758920e-e7efd3eb-d2400966-8526\" data-vc-content=\".vc_tta-panel-body\"><div class=\"vc_tta-panel-heading\"><h4 class=\"vc_tta-panel-title\"><a href=\"#1488725417825-2758920e-e7efd3eb-d2400966-8526\" data-vc-accordion data-vc-container=\".vc_tta-container\"><i class=\"vc_tta-icon vc_li vc_li-data\"><\/i><span class=\"vc_tta-title-text\">Energ\u00eda fotovoltaica<\/span><\/a><\/h4><\/div><div class=\"vc_tta-panel-body\"><div class=\"vc_row wpb_row vc_inner vc_row-fluid vc_custom_1536153128553 vc_row-has-padding-top vc_row-has-padding-bottom\"><div class=\"wpb_column vc_column_container vc_col-sm-12 vc_col-lg-8\"><div class=\"vc_column-inner vc_custom_1541432789170\"><div class=\"wpb_wrapper\"><div id=\"1486465455111-0cc2408f-96b7\" class=\"vc_toggle vc_toggle_default vc_toggle_color_default  vc_toggle_size_md vc_toggle_active\"><div class=\"vc_toggle_title\"><h4>Commercial Solar Installations<\/h4><i class=\"vc_toggle_icon\"><\/i><\/div><div class=\"vc_toggle_content\"><p>Maximize efficiency with tailor-made solar energy systems for your business needs.<\/p>\n<\/div><\/div><div id=\"1489502905563-e29b0d23-e63e\" class=\"vc_toggle vc_toggle_default vc_toggle_color_default  vc_toggle_size_md\"><div class=\"vc_toggle_title\"><h4>Cost-effective Solutions<\/h4><i class=\"vc_toggle_icon\"><\/i><\/div><div class=\"vc_toggle_content\"><p>Significant savings on electricity bills through sustainable energy.<\/p>\n<\/div><\/div><div id=\"1489502905062-f32a7618-e6e0\" class=\"vc_toggle vc_toggle_default vc_toggle_color_default  vc_toggle_size_md\"><div class=\"vc_toggle_title\"><h4>Eco-friendly Impact<\/h4><i class=\"vc_toggle_icon\"><\/i><\/div><div class=\"vc_toggle_content\"><p>Reduce your carbon footprint and contribute to a greener planet.<\/p>\n<\/div><\/div><\/div><\/div><\/div><div class=\"wpb_column vc_column_container vc_col-sm-12 vc_col-lg-4\"><div class=\"vc_column-inner\"><div class=\"wpb_wrapper\"><header class=\"kd-section-title col-lg-12 text-left     vc_custom_1720089396408\" ><h3 class=\"separator_off\" >Looking to Transform Your Business with Solar Energy?<\/h3><h6 class=\"subtitle\" >Boost your business efficiency and sustainability with our tailored solar energy systems.<\/h6><\/header><div class=\"vc_empty_space\"   style=\"height: 10px\"><span class=\"vc_empty_space_inner\"><\/span><\/div><\/div><\/div><\/div><\/div><\/div><\/div><div class=\"vc_tta-panel\" id=\"1489503964921-3acbdde1-0dcfd3eb-d2400966-8526\" data-vc-content=\".vc_tta-panel-body\"><div class=\"vc_tta-panel-heading\"><h4 class=\"vc_tta-panel-title\"><a href=\"#1489503964921-3acbdde1-0dcfd3eb-d2400966-8526\" data-vc-accordion data-vc-container=\".vc_tta-container\"><i class=\"vc_tta-icon vc_li vc_li-shop\"><\/i><span class=\"vc_tta-title-text\">Residential Solar Solutions<\/span><\/a><\/h4><\/div><div class=\"vc_tta-panel-body\"><div class=\"vc_row wpb_row vc_inner vc_row-fluid vc_custom_1536153133969 vc_row-has-padding-top vc_row-has-padding-bottom\"><div class=\"wpb_column vc_column_container vc_col-sm-12 vc_col-lg-8\"><div class=\"vc_column-inner vc_custom_1541432793273\"><div class=\"wpb_wrapper\"><div id=\"1489503965078-f3a803ee-ee0e\" class=\"vc_toggle vc_toggle_default vc_toggle_color_default  vc_toggle_size_md vc_toggle_active\"><div class=\"vc_toggle_title\"><h4>Custom Solar Plans<\/h4><i class=\"vc_toggle_icon\"><\/i><\/div><div class=\"vc_toggle_content\"><p>Solutions tailored to fit your household\u2019s energy requirements.<\/p>\n<\/div><\/div><div id=\"1489503965135-7fd256e5-cb3a\" class=\"vc_toggle vc_toggle_default vc_toggle_color_default  vc_toggle_size_md\"><div class=\"vc_toggle_title\"><h4>Long-term Savings<\/h4><i class=\"vc_toggle_icon\"><\/i><\/div><div class=\"vc_toggle_content\"><p>Lower your electricity expenses and enjoy financial benefits over time.<\/p>\n<\/div><\/div><div id=\"1489503965197-ebede312-68b5\" class=\"vc_toggle vc_toggle_default vc_toggle_color_default  vc_toggle_size_md\"><div class=\"vc_toggle_title\"><h4>Sustainable Living<\/h4><i class=\"vc_toggle_icon\"><\/i><\/div><div class=\"vc_toggle_content\"><p>Embrace a green lifestyle with renewable energy sources.<\/p>\n<\/div><\/div><\/div><\/div><\/div><div class=\"wpb_column vc_column_container vc_col-sm-12 vc_col-lg-4\"><div class=\"vc_column-inner\"><div class=\"wpb_wrapper\"><header class=\"kd-section-title col-lg-12 text-left\" ><h3 class=\"separator_off\" >Tailored Solar Solutions for Your Home<\/h3><h6 class=\"subtitle\" >Transform your home with customized solar energy solutions designed to maximize efficiency and savings. Experience the power of renewable energy with systems built to fit your unique needs.<\/h6><\/header><div class=\"vc_empty_space\"   style=\"height: 10px\"><span class=\"vc_empty_space_inner\"><\/span><\/div><\/div><\/div><\/div><\/div><\/div><\/div><div class=\"vc_tta-panel\" id=\"1489503963784-5b2be039-5ceed3eb-d2400966-8526\" data-vc-content=\".vc_tta-panel-body\"><div class=\"vc_tta-panel-heading\"><h4 class=\"vc_tta-panel-title\"><a href=\"#1489503963784-5b2be039-5ceed3eb-d2400966-8526\" data-vc-accordion data-vc-container=\".vc_tta-container\"><i class=\"vc_tta-icon vc_li vc_li-settings\"><\/i><span class=\"vc_tta-title-text\">Solar Maintenance and Support<\/span><\/a><\/h4><\/div><div class=\"vc_tta-panel-body\"><div class=\"vc_row wpb_row vc_inner vc_row-fluid vc_custom_1536153139097 vc_row-has-padding-top vc_row-has-padding-bottom\"><div class=\"wpb_column vc_column_container vc_col-sm-12 vc_col-lg-8\"><div class=\"vc_column-inner vc_custom_1541432797081\"><div class=\"wpb_wrapper\"><div id=\"1489503963926-38745a47-05f3\" class=\"vc_toggle vc_toggle_default vc_toggle_color_default  vc_toggle_size_md vc_toggle_active\"><div class=\"vc_toggle_title\"><h4>Regular Inspections<\/h4><i class=\"vc_toggle_icon\"><\/i><\/div><div class=\"vc_toggle_content\"><p>Keep your solar panels in top condition with scheduled check-ups.<\/p>\n<\/div><\/div><div id=\"1489503963972-96e7f4c2-8a42\" class=\"vc_toggle vc_toggle_default vc_toggle_color_default  vc_toggle_size_md\"><div class=\"vc_toggle_title\"><h4>Expert Repairs<\/h4><i class=\"vc_toggle_icon\"><\/i><\/div><div class=\"vc_toggle_content\"><p>Quick and professional repair services to maintain system performance.<\/p>\n<\/div><\/div><div id=\"1489503964017-d705c68b-2786\" class=\"vc_toggle vc_toggle_default vc_toggle_color_default  vc_toggle_size_md\"><div class=\"vc_toggle_title\"><h4>Ongoing Support<\/h4><i class=\"vc_toggle_icon\"><\/i><\/div><div class=\"vc_toggle_content\"><p>Dedicated customer service to assist with all your solar energy needs.<\/p>\n<\/div><\/div><\/div><\/div><\/div><div class=\"wpb_column vc_column_container vc_col-sm-12 vc_col-lg-4\"><div class=\"vc_column-inner\"><div class=\"wpb_wrapper\"><header class=\"kd-section-title col-lg-12 text-left\" ><h3 class=\"separator_off\" >Get sustainable energy solutions in a faster and simpler way<\/h3><h6 class=\"subtitle\" >Customize the framework to suit your energy processes.<\/h6><\/header><div class=\"vc_empty_space\"   style=\"height: 10px\"><span class=\"vc_empty_space_inner\"><\/span><\/div><\/div><\/div><\/div><\/div><\/div><\/div><div class=\"vc_tta-panel\" id=\"1489503962481-b1168d80-ea38d3eb-d2400966-8526\" data-vc-content=\".vc_tta-panel-body\"><div class=\"vc_tta-panel-heading\"><h4 class=\"vc_tta-panel-title\"><a href=\"#1489503962481-b1168d80-ea38d3eb-d2400966-8526\" data-vc-accordion data-vc-container=\".vc_tta-container\"><i class=\"vc_tta-icon vc_li vc_li-star\"><\/i><span class=\"vc_tta-title-text\">Eco friendly<\/span><\/a><\/h4><\/div><div class=\"vc_tta-panel-body\"><div class=\"vc_row wpb_row vc_inner vc_row-fluid vc_custom_1536153145568 vc_row-has-padding-top vc_row-has-padding-bottom\"><div class=\"wpb_column vc_column_container vc_col-sm-12 vc_col-lg-8\"><div class=\"vc_column-inner vc_custom_1541432800889\"><div class=\"wpb_wrapper\"><div id=\"1489503962616-b8f0df0f-4a13\" class=\"vc_toggle vc_toggle_default vc_toggle_color_default  vc_toggle_size_md vc_toggle_active\"><div class=\"vc_toggle_title\"><h4>Eco-efficient Logistics<\/h4><i class=\"vc_toggle_icon\"><\/i><\/div><div class=\"vc_toggle_content\"><p>Implement green logistics to reduce environmental impact while improving efficiency.<\/p>\n<\/div><\/div><div id=\"1489503962662-8b70f837-2bd6\" class=\"vc_toggle vc_toggle_default vc_toggle_color_default  vc_toggle_size_md\"><div class=\"vc_toggle_title\"><h4>Sustainable Sourcing<\/h4><i class=\"vc_toggle_icon\"><\/i><\/div><div class=\"vc_toggle_content\"><p>Ensure that imported and exported goods are sourced sustainably to support eco-friendly practices.<\/p>\n<\/div><\/div><div id=\"1489503962707-e4bca06c-3a0e\" class=\"vc_toggle vc_toggle_default vc_toggle_color_default  vc_toggle_size_md\"><div class=\"vc_toggle_title\"><h4>Compliance and Green Certifications<\/h4><i class=\"vc_toggle_icon\"><\/i><\/div><div class=\"vc_toggle_content\"><p>Adhere to international environmental regulations and achieve green certifications for your business.<\/p>\n<\/div><\/div><\/div><\/div><\/div><div class=\"wpb_column vc_column_container vc_col-sm-12 vc_col-lg-4\"><div class=\"vc_column-inner\"><div class=\"wpb_wrapper\"><header class=\"kd-section-title col-lg-12 text-left\" ><h3 class=\"separator_off\" >Eco-friendly Solutions for a Sustainable Future<\/h3><h6 class=\"subtitle\" >Optimize your logistics operations with our eco-efficient solutions, designed to minimize environmental impact while enhancing efficiency.<\/h6><\/header><div class=\"vc_empty_space\"   style=\"height: 10px\"><span class=\"vc_empty_space_inner\"><\/span><\/div><\/div><\/div><\/div><\/div><\/div><\/div><\/div><\/div><\/div><\/div><\/div><\/div><\/div><\/div><div data-vc-full-width=\"true\" data-vc-full-width-init=\"false\" class=\"vc_row wpb_row vc_row-fluid vc_custom_1555676250559 vc_row-has-fill\"><div class=\"wpb_column vc_column_container vc_col-sm-12\"><div class=\"vc_column-inner\"><div class=\"wpb_wrapper\"><div class=\"vc_row wpb_row vc_inner vc_row-fluid vc_custom_1513764983907 vc_row-has-padding-top vc_row-has-padding-bottom\"><div class=\"wpb_column vc_column_container vc_col-sm-4\"><div class=\"vc_column-inner\"><div class=\"wpb_wrapper\"><div class=\"kd_counter icon-top\" ><div class=\"kd_counter_content\"><h4 class=\"kd_counter_number\"><span class=\"kd_number_string\"  data-from=\"0\" data-to=\"3000\" data-refresh-interval=\"50\" >0<\/span>\n                                  <span class=\"kd_counter_units\" >+ Sunshine Hours per Year<\/span><\/h4><\/div><\/div><\/div><\/div><\/div><div class=\"wpb_column vc_column_container vc_col-sm-4\"><div class=\"vc_column-inner\"><div class=\"wpb_wrapper\"><div class=\"kd_counter icon-top\" ><div class=\"kd_counter_content\"><h4 class=\"kd_counter_number\"><span class=\"kd_number_string\"  data-from=\"0\" data-to=\"70\" data-refresh-interval=\"50\" >0<\/span>\n                                  <span class=\"kd_counter_units\" >% Average Savings on Energy Bills<\/span><\/h4><\/div><\/div><\/div><\/div><\/div><div class=\"wpb_column vc_column_container vc_col-sm-4\"><div class=\"vc_column-inner\"><div class=\"wpb_wrapper\"><div class=\"kd_counter icon-top\" ><div class=\"kd_counter_content\"><h4 class=\"kd_counter_number\"><span class=\"kd_number_string\"  data-from=\"0\" data-to=\"150000\" data-refresh-interval=\"50\" >0<\/span>\n                                  <span class=\"kd_counter_units\" >Kilowatt-hours of Solar Energy Generated<\/span><\/h4><\/div><\/div><\/div><\/div><\/div><\/div><\/div><\/div><\/div><\/div><div class=\"vc_row-full-width vc_clearfix\"><\/div><div data-vc-full-width=\"true\" data-vc-full-width-init=\"false\" class=\"vc_row wpb_row vc_row-fluid vc_custom_1539776850139 vc_row-has-padding-top vc_row-has-padding-bottom\"><div class=\"wpb_column vc_column_container vc_col-sm-12 vc_col-lg-6\"><div class=\"vc_column-inner vc_custom_1541587114185\"><div class=\"wpb_wrapper\"><div class=\"vc_row wpb_row vc_inner vc_row-fluid\"><div class=\"wpb_column vc_column_container vc_col-sm-12\"><div class=\"vc_column-inner vc_custom_1541587107649\"><div class=\"wpb_wrapper\"><header class=\"kd-section-title col-lg-12 text-right  kd-animated fadeIn\" data-animation-delay=\"200\"><h2 class=\"separator_off\" >Ready to Harness the Power of Solar Energy for a Brighter Future?<\/h2><\/header><\/div><\/div><\/div><\/div><div class=\"key-icon-box icon-default icon-left cont-left ib-no-effect  kd-animated fadeInUp\" style=\"background-color: transparent;\" data-animation-delay=\"400\"><i class=\"iconsmind-Dolphin iconsmind-Animals\" style=\" \"><\/i> <h6 class=\"service-heading\" >Tailored Solutions for Your Needs<\/h6><p >Each solar installation is custom-designed to meet your specific energy requirements, offering flexibility and maximum performance.<\/p><\/div><\/div><\/div><\/div><div class=\"wpb_column vc_column_container vc_col-sm-12 vc_col-lg-6 vc_hidden-md vc_hidden-sm\"><div class=\"vc_column-inner vc_custom_1541587225605\"><div class=\"wpb_wrapper\">\n\t<div  class=\"wpb_single_image wpb_content_element vc_align_left\">\n\t\t\n\t\t<figure class=\"wpb_wrapper vc_figure\">\n\t\t\t<div class=\"vc_single_image-wrapper vc_box_rounded  vc_box_border_grey\"><img fetchpriority=\"high\" decoding=\"async\" width=\"1024\" height=\"576\" src=\"https:\/\/solaricocanarias.com\/wp-content\/uploads\/2024\/06\/1200x675_Z1bo6oF-1024x576.webp\" class=\"vc_single_image-img attachment-large\" alt=\"\" title=\"1200x675_Z1bo6oF\" srcset=\"https:\/\/solaricocanarias.com\/wp-content\/uploads\/2024\/06\/1200x675_Z1bo6oF-1024x576.webp 1024w, https:\/\/solaricocanarias.com\/wp-content\/uploads\/2024\/06\/1200x675_Z1bo6oF-300x169.webp 300w, https:\/\/solaricocanarias.com\/wp-content\/uploads\/2024\/06\/1200x675_Z1bo6oF-768x432.webp 768w, https:\/\/solaricocanarias.com\/wp-content\/uploads\/2024\/06\/1200x675_Z1bo6oF.webp 1200w\" sizes=\"(max-width: 1024px) 100vw, 1024px\" \/><\/div>\n\t\t<\/figure>\n\t<\/div>\n<div class=\"vc_empty_space\"   style=\"height: 40px\"><span class=\"vc_empty_space_inner\"><\/span><\/div><\/div><\/div><\/div><\/div><div class=\"vc_row-full-width vc_clearfix\"><\/div>\n<\/section>","protected":false},"excerpt":{"rendered":"Your Photovoltaic Energy ProviderWe design, build and support photovoltaic energy installations for clients in Tenerife and beyond. We make your [...]","protected":false},"author":1,"featured_media":0,"parent":5760,"menu_order":0,"comment_status":"closed","ping_status":"closed","template":"","meta":{"footnotes":""},"class_list":["post-5736","page","type-page","status-publish","hentry"],"yoast_head":"<!-- This site is optimized with the Yoast SEO plugin v23.0 - https:\/\/yoast.com\/wordpress\/plugins\/seo\/ -->\n<title>Photovoltaic Energy - SolArico Canarias<\/title>\n<meta name=\"robots\" content=\"index, follow, max-snippet:-1, max-image-preview:large, max-video-preview:-1\" \/>\n<link rel=\"canonical\" href=\"https:\/\/solaricocanarias.com\/es\/our-process\/photovoltaic-energy\/\" \/>\n<meta property=\"og:locale\" content=\"es_ES\" \/>\n<meta property=\"og:type\" content=\"article\" \/>\n<meta property=\"og:title\" content=\"Photovoltaic Energy - SolArico Canarias\" \/>\n<meta property=\"og:url\" content=\"https:\/\/solaricocanarias.com\/es\/our-process\/photovoltaic-energy\/\" \/>\n<meta property=\"og:site_name\" content=\"SolArico Canarias\" \/>\n<meta property=\"article:modified_time\" content=\"2024-07-19T08:48:18+00:00\" \/>\n<meta name=\"twitter:card\" content=\"summary_large_image\" \/>\n<meta name=\"twitter:label1\" content=\"Tiempo de lectura\" \/>\n\t<meta name=\"twitter:data1\" content=\"7 minutos\" \/>\n<script type=\"application\/ld+json\" class=\"yoast-schema-graph\">{\"@context\":\"https:\/\/schema.org\",\"@graph\":[{\"@type\":\"WebPage\",\"@id\":\"https:\/\/solaricocanarias.com\/our-process\/photovoltaic-energy\/\",\"url\":\"https:\/\/solaricocanarias.com\/our-process\/photovoltaic-energy\/\",\"name\":\"Photovoltaic Energy - SolArico Canarias\",\"isPartOf\":{\"@id\":\"https:\/\/solaricocanarias.com\/#website\"},\"datePublished\":\"2018-10-22T13:46:53+00:00\",\"dateModified\":\"2024-07-19T08:48:18+00:00\",\"breadcrumb\":{\"@id\":\"https:\/\/solaricocanarias.com\/our-process\/photovoltaic-energy\/#breadcrumb\"},\"inLanguage\":\"es\",\"potentialAction\":[{\"@type\":\"ReadAction\",\"target\":[\"https:\/\/solaricocanarias.com\/our-process\/photovoltaic-energy\/\"]}]},{\"@type\":\"BreadcrumbList\",\"@id\":\"https:\/\/solaricocanarias.com\/our-process\/photovoltaic-energy\/#breadcrumb\",\"itemListElement\":[{\"@type\":\"ListItem\",\"position\":1,\"name\":\"Home\",\"item\":\"https:\/\/solaricocanarias.com\/\"},{\"@type\":\"ListItem\",\"position\":2,\"name\":\"Our process\",\"item\":\"https:\/\/solaricocanarias.com\/our-process\/\"},{\"@type\":\"ListItem\",\"position\":3,\"name\":\"Photovoltaic Energy\"}]},{\"@type\":\"WebSite\",\"@id\":\"https:\/\/solaricocanarias.com\/#website\",\"url\":\"https:\/\/solaricocanarias.com\/\",\"name\":\"SolAricoCanarias\",\"description\":\"Visit Tenerife: Home Rental and Energy Provider\",\"publisher\":{\"@id\":\"https:\/\/solaricocanarias.com\/#organization\"},\"potentialAction\":[{\"@type\":\"SearchAction\",\"target\":{\"@type\":\"EntryPoint\",\"urlTemplate\":\"https:\/\/solaricocanarias.com\/?s={search_term_string}\"},\"query-input\":\"required name=search_term_string\"}],\"inLanguage\":\"es\"},{\"@type\":\"Organization\",\"@id\":\"https:\/\/solaricocanarias.com\/#organization\",\"name\":\"SolAricoCanarias\",\"url\":\"https:\/\/solaricocanarias.com\/\",\"logo\":{\"@type\":\"ImageObject\",\"inLanguage\":\"es\",\"@id\":\"https:\/\/solaricocanarias.com\/#\/schema\/logo\/image\/\",\"url\":\"https:\/\/solaricocanarias.com\/wp-content\/uploads\/2024\/07\/apple-touch-icon.png\",\"contentUrl\":\"https:\/\/solaricocanarias.com\/wp-content\/uploads\/2024\/07\/apple-touch-icon.png\",\"width\":180,\"height\":180,\"caption\":\"SolAricoCanarias\"},\"image\":{\"@id\":\"https:\/\/solaricocanarias.com\/#\/schema\/logo\/image\/\"}}]}<\/script>\n<!-- \/ Yoast SEO plugin. -->","yoast_head_json":{"title":"Photovoltaic Energy - SolArico Canarias","robots":{"index":"index","follow":"follow","max-snippet":"max-snippet:-1","max-image-preview":"max-image-preview:large","max-video-preview":"max-video-preview:-1"},"canonical":"https:\/\/solaricocanarias.com\/es\/our-process\/photovoltaic-energy\/","og_locale":"es_ES","og_type":"article","og_title":"Photovoltaic Energy - SolArico Canarias","og_url":"https:\/\/solaricocanarias.com\/es\/our-process\/photovoltaic-energy\/","og_site_name":"SolArico Canarias","article_modified_time":"2024-07-19T08:48:18+00:00","twitter_card":"summary_large_image","twitter_misc":{"Tiempo de lectura":"7 minutos"},"schema":{"@context":"https:\/\/schema.org","@graph":[{"@type":"WebPage","@id":"https:\/\/solaricocanarias.com\/our-process\/photovoltaic-energy\/","url":"https:\/\/solaricocanarias.com\/our-process\/photovoltaic-energy\/","name":"Photovoltaic Energy - SolArico Canarias","isPartOf":{"@id":"https:\/\/solaricocanarias.com\/#website"},"datePublished":"2018-10-22T13:46:53+00:00","dateModified":"2024-07-19T08:48:18+00:00","breadcrumb":{"@id":"https:\/\/solaricocanarias.com\/our-process\/photovoltaic-energy\/#breadcrumb"},"inLanguage":"es","potentialAction":[{"@type":"ReadAction","target":["https:\/\/solaricocanarias.com\/our-process\/photovoltaic-energy\/"]}]},{"@type":"BreadcrumbList","@id":"https:\/\/solaricocanarias.com\/our-process\/photovoltaic-energy\/#breadcrumb","itemListElement":[{"@type":"ListItem","position":1,"name":"Home","item":"https:\/\/solaricocanarias.com\/"},{"@type":"ListItem","position":2,"name":"Our process","item":"https:\/\/solaricocanarias.com\/our-process\/"},{"@type":"ListItem","position":3,"name":"Photovoltaic Energy"}]},{"@type":"WebSite","@id":"https:\/\/solaricocanarias.com\/#website","url":"https:\/\/solaricocanarias.com\/","name":"SolAricoCanarias","description":"Visit Tenerife: Home Rental and Energy Provider","publisher":{"@id":"https:\/\/solaricocanarias.com\/#organization"},"potentialAction":[{"@type":"SearchAction","target":{"@type":"EntryPoint","urlTemplate":"https:\/\/solaricocanarias.com\/?s={search_term_string}"},"query-input":"required name=search_term_string"}],"inLanguage":"es"},{"@type":"Organization","@id":"https:\/\/solaricocanarias.com\/#organization","name":"SolAricoCanarias","url":"https:\/\/solaricocanarias.com\/","logo":{"@type":"ImageObject","inLanguage":"es","@id":"https:\/\/solaricocanarias.com\/#\/schema\/logo\/image\/","url":"https:\/\/solaricocanarias.com\/wp-content\/uploads\/2024\/07\/apple-touch-icon.png","contentUrl":"https:\/\/solaricocanarias.com\/wp-content\/uploads\/2024\/07\/apple-touch-icon.png","width":180,"height":180,"caption":"SolAricoCanarias"},"image":{"@id":"https:\/\/solaricocanarias.com\/#\/schema\/logo\/image\/"}}]}},"_links":{"self":[{"href":"https:\/\/solaricocanarias.com\/es\/wp-json\/wp\/v2\/pages\/5736"}],"collection":[{"href":"https:\/\/solaricocanarias.com\/es\/wp-json\/wp\/v2\/pages"}],"about":[{"href":"https:\/\/solaricocanarias.com\/es\/wp-json\/wp\/v2\/types\/page"}],"author":[{"embeddable":true,"href":"https:\/\/solaricocanarias.com\/es\/wp-json\/wp\/v2\/users\/1"}],"replies":[{"embeddable":true,"href":"https:\/\/solaricocanarias.com\/es\/wp-json\/wp\/v2\/comments?post=5736"}],"version-history":[{"count":17,"href":"https:\/\/solaricocanarias.com\/es\/wp-json\/wp\/v2\/pages\/5736\/revisions"}],"predecessor-version":[{"id":8192,"href":"https:\/\/solaricocanarias.com\/es\/wp-json\/wp\/v2\/pages\/5736\/revisions\/8192"}],"up":[{"embeddable":true,"href":"https:\/\/solaricocanarias.com\/es\/wp-json\/wp\/v2\/pages\/5760"}],"wp:attachment":[{"href":"https:\/\/solaricocanarias.com\/es\/wp-json\/wp\/v2\/media?parent=5736"}],"curies":[{"name":"wp","href":"https:\/\/api.w.org\/{rel}","templated":true}]}}